{"id":280,"date":"2025-12-17T16:15:16","date_gmt":"2025-12-17T15:15:16","guid":{"rendered":"https:\/\/recyclemoi.be\/?page_id=280"},"modified":"2025-12-17T16:27:17","modified_gmt":"2025-12-17T15:27:17","slug":"cookie-policy","status":"publish","type":"page","link":"https:\/\/recyclemoi.be\/index.php\/cookie-policy\/","title":{"rendered":"Cookie policy"},"content":{"rendered":"\t\t<div data-elementor-type=\"wp-page\" data-elementor-id=\"280\" class=\"elementor elementor-280\">\n\t\t\t\t\t\t<section class=\"elementor-section elementor-top-section elementor-element elementor-element-6ef3eee elementor-section-boxed elementor-section-height-default elementor-section-height-default\" data-id=\"6ef3eee\" data-element_type=\"section\">\n\t\t\t\t\t\t<div class=\"elementor-container elementor-column-gap-default\">\n\t\t\t\t\t<div class=\"elementor-column elementor-col-100 elementor-top-column elementor-element elementor-element-2174b51\" data-id=\"2174b51\" data-element_type=\"column\">\n\t\t\t<div class=\"elementor-widget-wrap elementor-element-populated\">\n\t\t\t\t\t\t<div class=\"elementor-element elementor-element-51003ff elementor-widget elementor-widget-text-editor\" data-id=\"51003ff\" data-element_type=\"widget\" data-widget_type=\"text-editor.default\">\n\t\t\t\t<div class=\"elementor-widget-container\">\n\t\t\t\t\t\t\t<h5><strong data-start=\"189\" data-end=\"210\"><a class=\"decorated-link\" href=\"http:\/\/www.recyclemoi.be\" target=\"_new\" rel=\"noopener\" data-start=\"191\" data-end=\"208\">www.recyclemoi.be<\/a><\/strong>\u00a0utilise des cookies et autres technologies similaires afin d\u2019assurer son bon fonctionnement, d\u2019am\u00e9liorer l\u2019exp\u00e9rience utilisateur et de mesurer l\u2019audience.<\/h5><h3 data-start=\"391\" data-end=\"422\">1. Qu\u2019est-ce qu\u2019un cookie ?<\/h3><p data-start=\"423\" data-end=\"741\">Un cookie est un petit fichier texte susceptible d\u2019\u00eatre enregistr\u00e9 sur le terminal de l\u2019utilisateur (ordinateur, tablette, smartphone) lors de la consultation du Site. Les cookies permettent de reconna\u00eetre un utilisateur, de m\u00e9moriser ses pr\u00e9f\u00e9rences ou de collecter des informations relatives \u00e0 l\u2019utilisation du Site.<\/p><h3 data-start=\"743\" data-end=\"775\">2. Types de cookies utilis\u00e9s<\/h3><p data-start=\"776\" data-end=\"835\">Le Site peut utiliser les cat\u00e9gories de cookies suivantes :<\/p><ul data-start=\"837\" data-end=\"1493\"><li data-start=\"837\" data-end=\"1061\"><p data-start=\"839\" data-end=\"1061\"><strong data-start=\"839\" data-end=\"874\">Cookies strictement n\u00e9cessaires<\/strong><br data-start=\"874\" data-end=\"877\" \/>Ces cookies sont indispensables au fonctionnement du Site et ne peuvent \u00eatre d\u00e9sactiv\u00e9s. Ils permettent notamment l\u2019acc\u00e8s aux fonctionnalit\u00e9s essentielles et la s\u00e9curisation du Site.<\/p><\/li><li data-start=\"1063\" data-end=\"1327\"><p data-start=\"1065\" data-end=\"1327\"><strong data-start=\"1065\" data-end=\"1115\">Cookies de mesure d\u2019audience et de performance<\/strong><br data-start=\"1115\" data-end=\"1118\" \/>Ces cookies permettent de collecter des informations anonymes sur la fr\u00e9quentation et l\u2019utilisation du Site (pages visit\u00e9es, dur\u00e9e de consultation, erreurs \u00e9ventuelles) afin d\u2019en am\u00e9liorer le fonctionnement.<\/p><\/li><li data-start=\"1329\" data-end=\"1493\"><p data-start=\"1331\" data-end=\"1493\"><strong data-start=\"1331\" data-end=\"1355\">Cookies fonctionnels<\/strong><br data-start=\"1355\" data-end=\"1358\" \/>Ces cookies permettent de m\u00e9moriser les choix de l\u2019utilisateur (langue, pr\u00e9f\u00e9rences) afin d\u2019offrir une navigation plus personnalis\u00e9e.<\/p><\/li><\/ul><h3 data-start=\"1495\" data-end=\"1514\">3. Consentement<\/h3><p data-start=\"1515\" data-end=\"1823\">Conform\u00e9ment \u00e0 la r\u00e9glementation applicable, l\u2019utilisation de cookies non strictement n\u00e9cessaires est soumise au consentement pr\u00e9alable de l\u2019utilisateur. Lors de sa premi\u00e8re visite sur le Site, un bandeau d\u2019information permet \u00e0 l\u2019utilisateur d\u2019accepter, de refuser ou de param\u00e9trer l\u2019utilisation des cookies.<\/p><p data-start=\"1825\" data-end=\"1895\">L\u2019utilisateur peut modifier ou retirer son consentement \u00e0 tout moment.<\/p><h3 data-start=\"1897\" data-end=\"1923\">4. Gestion des cookies<\/h3><p data-start=\"1924\" data-end=\"2115\">L\u2019utilisateur peut configurer son navigateur afin de bloquer ou supprimer les cookies. Toutefois, le refus de certains cookies peut entra\u00eener une alt\u00e9ration du fonctionnement optimal du Site.<\/p><p data-start=\"2117\" data-end=\"2271\">Les param\u00e8tres de gestion des cookies varient selon les navigateurs et sont g\u00e9n\u00e9ralement accessibles via les menus de configuration ou de confidentialit\u00e9.<\/p><h3 data-start=\"2273\" data-end=\"2301\">5. Dur\u00e9e de conservation<\/h3><p data-start=\"2302\" data-end=\"2428\">Les cookies sont conserv\u00e9s pour une dur\u00e9e maximale conforme aux exigences l\u00e9gales en vigueur et proportionn\u00e9e \u00e0 leur finalit\u00e9.<\/p><h3 data-start=\"2430\" data-end=\"2472\">6. Protection des donn\u00e9es personnelles<\/h3><p data-start=\"2473\" data-end=\"2719\">Les informations collect\u00e9es via les cookies sont trait\u00e9es conform\u00e9ment \u00e0 la <strong data-start=\"2549\" data-end=\"2581\">Politique de confidentialit\u00e9<\/strong> du Site et \u00e0 la r\u00e9glementation applicable en mati\u00e8re de protection des donn\u00e9es personnelles, notamment le R\u00e8glement (UE) 2016\/679 (RGPD).<\/p><h3 data-start=\"2721\" data-end=\"2735\">7. Contact<\/h3><p data-start=\"2736\" data-end=\"2896\">Pour toute question relative \u00e0 l\u2019utilisation des cookies, l\u2019utilisateur peut contacter l\u2019\u00e9diteur du Site via les coordonn\u00e9es figurant dans les mentions l\u00e9gales.<\/p>\t\t\t\t\t\t<\/div>\n\t\t\t\t<\/div>\n\t\t\t\t\t<\/div>\n\t\t<\/div>\n\t\t\t\t\t<\/div>\n\t\t<\/section>\n\t\t\t\t<\/div>\n\t\t","protected":false},"excerpt":{"rendered":"<p>www.recyclemoi.be\u00a0utilise des cookies et autres technologies similaires afin d\u2019assurer son bon fonctionnement, d\u2019am\u00e9liorer l\u2019exp\u00e9rience utilisateur et de mesurer l\u2019audience. 1. Qu\u2019est-ce qu\u2019un cookie ? Un cookie est un petit fichier texte susceptible d\u2019\u00eatre enregistr\u00e9 sur le terminal de l\u2019utilisateur (ordinateur, tablette, smartphone) lors de la consultation du Site. Les cookies permettent de reconna\u00eetre un utilisateur, [&hellip;]<\/p>\n","protected":false},"author":1,"featured_media":0,"parent":0,"menu_order":0,"comment_status":"closed","ping_status":"closed","template":"","meta":{"footnotes":""},"class_list":["post-280","page","type-page","status-publish","hentry"],"yoast_head":"<!-- This site is optimized with the Yoast SEO plugin v26.6 - https:\/\/yoast.com\/wordpress\/plugins\/seo\/ -->\n<title>Cookie policy - Recyclemoi<\/title>\n<meta name=\"robots\" content=\"index, follow, max-snippet:-1, max-image-preview:large, max-video-preview:-1\" \/>\n<link rel=\"canonical\" href=\"https:\/\/recyclemoi.be\/index.php\/cookie-policy\/\" \/>\n<meta property=\"og:locale\" content=\"fr_FR\" \/>\n<meta property=\"og:type\" content=\"article\" \/>\n<meta property=\"og:title\" content=\"Cookie policy - Recyclemoi\" \/>\n<meta property=\"og:description\" content=\"www.recyclemoi.be\u00a0utilise des cookies et autres technologies similaires afin d\u2019assurer son bon fonctionnement, d\u2019am\u00e9liorer l\u2019exp\u00e9rience utilisateur et de mesurer l\u2019audience. 1. Qu\u2019est-ce qu\u2019un cookie ? Un cookie est un petit fichier texte susceptible d\u2019\u00eatre enregistr\u00e9 sur le terminal de l\u2019utilisateur (ordinateur, tablette, smartphone) lors de la consultation du Site. Les cookies permettent de reconna\u00eetre un utilisateur, [&hellip;]\" \/>\n<meta property=\"og:url\" content=\"https:\/\/recyclemoi.be\/index.php\/cookie-policy\/\" \/>\n<meta property=\"og:site_name\" content=\"Recyclemoi\" \/>\n<meta property=\"article:modified_time\" content=\"2025-12-17T15:27:17+00:00\" \/>\n<meta name=\"twitter:card\" content=\"summary_large_image\" \/>\n<meta name=\"twitter:label1\" content=\"Dur\u00e9e de lecture estim\u00e9e\" \/>\n\t<meta name=\"twitter:data1\" content=\"2 minutes\" \/>\n<script type=\"application\/ld+json\" class=\"yoast-schema-graph\">{\"@context\":\"https:\/\/schema.org\",\"@graph\":[{\"@type\":\"WebPage\",\"@id\":\"https:\/\/recyclemoi.be\/index.php\/cookie-policy\/\",\"url\":\"https:\/\/recyclemoi.be\/index.php\/cookie-policy\/\",\"name\":\"Cookie policy - Recyclemoi\",\"isPartOf\":{\"@id\":\"https:\/\/recyclemoi.be\/#website\"},\"datePublished\":\"2025-12-17T15:15:16+00:00\",\"dateModified\":\"2025-12-17T15:27:17+00:00\",\"breadcrumb\":{\"@id\":\"https:\/\/recyclemoi.be\/index.php\/cookie-policy\/#breadcrumb\"},\"inLanguage\":\"fr-FR\",\"potentialAction\":[{\"@type\":\"ReadAction\",\"target\":[\"https:\/\/recyclemoi.be\/index.php\/cookie-policy\/\"]}]},{\"@type\":\"BreadcrumbList\",\"@id\":\"https:\/\/recyclemoi.be\/index.php\/cookie-policy\/#breadcrumb\",\"itemListElement\":[{\"@type\":\"ListItem\",\"position\":1,\"name\":\"Accueil\",\"item\":\"https:\/\/recyclemoi.be\/\"},{\"@type\":\"ListItem\",\"position\":2,\"name\":\"Cookie policy\"}]},{\"@type\":\"WebSite\",\"@id\":\"https:\/\/recyclemoi.be\/#website\",\"url\":\"https:\/\/recyclemoi.be\/\",\"name\":\"Recyclemoi\",\"description\":\"Recylage actif\",\"publisher\":{\"@id\":\"https:\/\/recyclemoi.be\/#organization\"},\"potentialAction\":[{\"@type\":\"SearchAction\",\"target\":{\"@type\":\"EntryPoint\",\"urlTemplate\":\"https:\/\/recyclemoi.be\/?s={search_term_string}\"},\"query-input\":{\"@type\":\"PropertyValueSpecification\",\"valueRequired\":true,\"valueName\":\"search_term_string\"}}],\"inLanguage\":\"fr-FR\"},{\"@type\":\"Organization\",\"@id\":\"https:\/\/recyclemoi.be\/#organization\",\"name\":\"Recyclemoi\",\"url\":\"https:\/\/recyclemoi.be\/\",\"logo\":{\"@type\":\"ImageObject\",\"inLanguage\":\"fr-FR\",\"@id\":\"https:\/\/recyclemoi.be\/#\/schema\/logo\/image\/\",\"url\":\"https:\/\/recyclemoi.be\/wp-content\/uploads\/2025\/12\/Logo_recycle_CIP-copy300pix.png\",\"contentUrl\":\"https:\/\/recyclemoi.be\/wp-content\/uploads\/2025\/12\/Logo_recycle_CIP-copy300pix.png\",\"width\":250,\"height\":300,\"caption\":\"Recyclemoi\"},\"image\":{\"@id\":\"https:\/\/recyclemoi.be\/#\/schema\/logo\/image\/\"}}]}<\/script>\n<!-- \/ Yoast SEO plugin. -->","yoast_head_json":{"title":"Cookie policy - Recyclemoi","robots":{"index":"index","follow":"follow","max-snippet":"max-snippet:-1","max-image-preview":"max-image-preview:large","max-video-preview":"max-video-preview:-1"},"canonical":"https:\/\/recyclemoi.be\/index.php\/cookie-policy\/","og_locale":"fr_FR","og_type":"article","og_title":"Cookie policy - Recyclemoi","og_description":"www.recyclemoi.be\u00a0utilise des cookies et autres technologies similaires afin d\u2019assurer son bon fonctionnement, d\u2019am\u00e9liorer l\u2019exp\u00e9rience utilisateur et de mesurer l\u2019audience. 1. Qu\u2019est-ce qu\u2019un cookie ? Un cookie est un petit fichier texte susceptible d\u2019\u00eatre enregistr\u00e9 sur le terminal de l\u2019utilisateur (ordinateur, tablette, smartphone) lors de la consultation du Site. Les cookies permettent de reconna\u00eetre un utilisateur, [&hellip;]","og_url":"https:\/\/recyclemoi.be\/index.php\/cookie-policy\/","og_site_name":"Recyclemoi","article_modified_time":"2025-12-17T15:27:17+00:00","twitter_card":"summary_large_image","twitter_misc":{"Dur\u00e9e de lecture estim\u00e9e":"2 minutes"},"schema":{"@context":"https:\/\/schema.org","@graph":[{"@type":"WebPage","@id":"https:\/\/recyclemoi.be\/index.php\/cookie-policy\/","url":"https:\/\/recyclemoi.be\/index.php\/cookie-policy\/","name":"Cookie policy - Recyclemoi","isPartOf":{"@id":"https:\/\/recyclemoi.be\/#website"},"datePublished":"2025-12-17T15:15:16+00:00","dateModified":"2025-12-17T15:27:17+00:00","breadcrumb":{"@id":"https:\/\/recyclemoi.be\/index.php\/cookie-policy\/#breadcrumb"},"inLanguage":"fr-FR","potentialAction":[{"@type":"ReadAction","target":["https:\/\/recyclemoi.be\/index.php\/cookie-policy\/"]}]},{"@type":"BreadcrumbList","@id":"https:\/\/recyclemoi.be\/index.php\/cookie-policy\/#breadcrumb","itemListElement":[{"@type":"ListItem","position":1,"name":"Accueil","item":"https:\/\/recyclemoi.be\/"},{"@type":"ListItem","position":2,"name":"Cookie policy"}]},{"@type":"WebSite","@id":"https:\/\/recyclemoi.be\/#website","url":"https:\/\/recyclemoi.be\/","name":"Recyclemoi","description":"Recylage actif","publisher":{"@id":"https:\/\/recyclemoi.be\/#organization"},"potentialAction":[{"@type":"SearchAction","target":{"@type":"EntryPoint","urlTemplate":"https:\/\/recyclemoi.be\/?s={search_term_string}"},"query-input":{"@type":"PropertyValueSpecification","valueRequired":true,"valueName":"search_term_string"}}],"inLanguage":"fr-FR"},{"@type":"Organization","@id":"https:\/\/recyclemoi.be\/#organization","name":"Recyclemoi","url":"https:\/\/recyclemoi.be\/","logo":{"@type":"ImageObject","inLanguage":"fr-FR","@id":"https:\/\/recyclemoi.be\/#\/schema\/logo\/image\/","url":"https:\/\/recyclemoi.be\/wp-content\/uploads\/2025\/12\/Logo_recycle_CIP-copy300pix.png","contentUrl":"https:\/\/recyclemoi.be\/wp-content\/uploads\/2025\/12\/Logo_recycle_CIP-copy300pix.png","width":250,"height":300,"caption":"Recyclemoi"},"image":{"@id":"https:\/\/recyclemoi.be\/#\/schema\/logo\/image\/"}}]}},"_links":{"self":[{"href":"https:\/\/recyclemoi.be\/index.php\/wp-json\/wp\/v2\/pages\/280","targetHints":{"allow":["GET"]}}],"collection":[{"href":"https:\/\/recyclemoi.be\/index.php\/wp-json\/wp\/v2\/pages"}],"about":[{"href":"https:\/\/recyclemoi.be\/index.php\/wp-json\/wp\/v2\/types\/page"}],"author":[{"embeddable":true,"href":"https:\/\/recyclemoi.be\/index.php\/wp-json\/wp\/v2\/users\/1"}],"replies":[{"embeddable":true,"href":"https:\/\/recyclemoi.be\/index.php\/wp-json\/wp\/v2\/comments?post=280"}],"version-history":[{"count":7,"href":"https:\/\/recyclemoi.be\/index.php\/wp-json\/wp\/v2\/pages\/280\/revisions"}],"predecessor-version":[{"id":291,"href":"https:\/\/recyclemoi.be\/index.php\/wp-json\/wp\/v2\/pages\/280\/revisions\/291"}],"wp:attachment":[{"href":"https:\/\/recyclemoi.be\/index.php\/wp-json\/wp\/v2\/media?parent=280"}],"curies":[{"name":"wp","href":"https:\/\/api.w.org\/{rel}","templated":true}]}}